{"id":11471,"date":"2022-05-25T11:14:30","date_gmt":"2022-05-25T09:14:30","guid":{"rendered":"https:\/\/starplastsrl.it\/prodotto\/fpnmn21000t3\/"},"modified":"2024-02-15T14:45:24","modified_gmt":"2024-02-15T13:45:24","slug":"fpnmn21000t3","status":"publish","type":"product","link":"https:\/\/starplastsrl.it\/en\/prodotto\/fpnmn21000t3\/","title":{"rendered":"FPNMN21000T3"},"content":{"rendered":"<p>Filtro Percolatore Anaerobico modulare nervato per scarico in Tab. 3 (Acque superficiali) litri 19.130 &#8211; 130 A.E. UNI EN 12566-3.<\/p>\n<p>Fornitura di filtro percolatore anaerobico in polietilene da interro ?FPN..? tipo Starplast a forma cilindrica verticale, a spessore costante delle pareti e struttura irrigidita da nervature verticali ed orizzontali. All?interno riempito di elementi in polpropilene ad alta superficie specifica (pari a 120mq\/mc) per la formazione di flora batterica, posati su griglia di supporto posata sul fondo adatta a creare le condizioni idrodinamiche pi\u00f9 favorevoli per l?effetto di percolamento e distribuzione\/uscita del refluo. Il refluo in uscita \u00e8 raccolto da idoneo stramazzo tipo Thomson per la distribuzione uniforme del carico idraulico su tutta la superficie. Il coperchio superiore della vasca realizzato a doppia parete, per maggiore resistenza al carico del terreno, sar\u00e0 munito di n. 2 tappi con chiusura a baionetta di cui uno almeno del \u00d8 400 per operazione di pulizia e ispezione effluente finale. La vasca \u00e8 realizzata secondo la Norma UNI EN 12566-3, dovr\u00e0 essere adatta al trattamento secondario dei reflui provenienti da impianto primario di civili abitazioni o assimilabili, idoneo allo scarico in acque superficiali o al trattamento successivo.Il filtro percolatore mod. FPNMN21000T3 avr\u00e0 le seguenti dimensioni: Lu 645 La 210 H 234 volume Lt 19130 potenzialit\u00e0 A.E 130<\/p>\n","protected":false},"excerpt":{"rendered":"<p>Filtro Percolatore Anaerobico modulare nervato per scarico in Tab. 3 (Acque superficiali) litri 19.130 &#8211; 130 A.E. UNI EN 12566-3. Fornitura di filtro percolatore anaerobico in polietilene da interro ?FPN..? tipo Starplast a forma cilindrica verticale, a spessore costante delle pareti e struttura irrigidita da nervature verticali ed orizzontali. All?interno riempito di elementi in polpropilene [&hellip;]<\/p>\n","protected":false},"featured_media":21504,"template":"","meta":{"_acf_changed":false},"product_cat":[357,386,561],"product_tag":[204],"class_list":{"0":"post-11471","1":"product","2":"type-product","3":"status-publish","4":"has-post-thumbnail","6":"product_cat-biologico","7":"product_cat-biologico-filtro-percolatore-anaerobico","8":"product_cat-biologico-filtro-percolatore-anaerobico-scarico-in-pubblica-fognatura-e-o-acque","9":"product_tag-secondario","11":"first","12":"instock","13":"taxable","14":"shipping-taxable","15":"purchasable","16":"product-type-simple"},"acf":[],"yoast_head":"<!-- This site is optimized with the Yoast SEO plugin v25.9 - https:\/\/yoast.com\/wordpress\/plugins\/seo\/ -->\n<title>FPNMN21000T3 - Starplast srl<\/title>\n<meta name=\"robots\" content=\"index, follow, max-snippet:-1, max-image-preview:large, max-video-preview:-1\" \/>\n<link rel=\"canonical\" href=\"https:\/\/starplastsrl.it\/en\/prodotto\/fpnmn21000t3\/\" \/>\n<meta property=\"og:locale\" content=\"en_US\" \/>\n<meta property=\"og:type\" content=\"article\" \/>\n<meta property=\"og:title\" content=\"FPNMN21000T3 - Starplast srl\" \/>\n<meta property=\"og:description\" content=\"Filtro Percolatore Anaerobico modulare nervato per scarico in Tab. 3 (Acque superficiali) litri 19.130 &#8211; 130 A.E. UNI EN 12566-3. Fornitura di filtro percolatore anaerobico in polietilene da interro ?FPN..? tipo Starplast a forma cilindrica verticale, a spessore costante delle pareti e struttura irrigidita da nervature verticali ed orizzontali. All?interno riempito di elementi in polpropilene [&hellip;]\" \/>\n<meta property=\"og:url\" content=\"https:\/\/starplastsrl.it\/en\/prodotto\/fpnmn21000t3\/\" \/>\n<meta property=\"og:site_name\" content=\"Starplast srl\" \/>\n<meta property=\"article:publisher\" content=\"https:\/\/www.facebook.com\/starplastsrl\" \/>\n<meta property=\"article:modified_time\" content=\"2024-02-15T13:45:24+00:00\" \/>\n<meta property=\"og:image\" content=\"https:\/\/starplastsrl.it\/wp-content\/uploads\/2022\/05\/FPN%20MN%2021000.jpg\" \/>\n\t<meta property=\"og:image:width\" content=\"354\" \/>\n\t<meta property=\"og:image:height\" content=\"354\" \/>\n\t<meta property=\"og:image:type\" content=\"image\/png\" \/>\n<meta name=\"twitter:card\" content=\"summary_large_image\" \/>\n<meta name=\"twitter:label1\" content=\"Est. reading time\" \/>\n\t<meta name=\"twitter:data1\" content=\"1 minute\" \/>\n<script type=\"application\/ld+json\" class=\"yoast-schema-graph\">{\"@context\":\"https:\/\/schema.org\",\"@graph\":[{\"@type\":\"WebPage\",\"@id\":\"https:\/\/starplastsrl.it\/en\/prodotto\/fpnmn21000t3\/\",\"url\":\"https:\/\/starplastsrl.it\/en\/prodotto\/fpnmn21000t3\/\",\"name\":\"FPNMN21000T3 - Starplast srl\",\"isPartOf\":{\"@id\":\"https:\/\/starplastsrl.it\/en\/#website\"},\"primaryImageOfPage\":{\"@id\":\"https:\/\/starplastsrl.it\/en\/prodotto\/fpnmn21000t3\/#primaryimage\"},\"image\":{\"@id\":\"https:\/\/starplastsrl.it\/en\/prodotto\/fpnmn21000t3\/#primaryimage\"},\"thumbnailUrl\":\"https:\/\/starplastsrl.it\/wp-content\/uploads\/2022\/05\/FPN MN 21000.jpg\",\"datePublished\":\"2022-05-25T09:14:30+00:00\",\"dateModified\":\"2024-02-15T13:45:24+00:00\",\"breadcrumb\":{\"@id\":\"https:\/\/starplastsrl.it\/en\/prodotto\/fpnmn21000t3\/#breadcrumb\"},\"inLanguage\":\"en-US\",\"potentialAction\":[{\"@type\":\"ReadAction\",\"target\":[\"https:\/\/starplastsrl.it\/en\/prodotto\/fpnmn21000t3\/\"]}]},{\"@type\":\"ImageObject\",\"inLanguage\":\"en-US\",\"@id\":\"https:\/\/starplastsrl.it\/en\/prodotto\/fpnmn21000t3\/#primaryimage\",\"url\":\"https:\/\/starplastsrl.it\/wp-content\/uploads\/2022\/05\/FPN MN 21000.jpg\",\"contentUrl\":\"https:\/\/starplastsrl.it\/wp-content\/uploads\/2022\/05\/FPN MN 21000.jpg\",\"width\":354,\"height\":354},{\"@type\":\"BreadcrumbList\",\"@id\":\"https:\/\/starplastsrl.it\/en\/prodotto\/fpnmn21000t3\/#breadcrumb\",\"itemListElement\":[{\"@type\":\"ListItem\",\"position\":1,\"name\":\"Home\",\"item\":\"https:\/\/starplastsrl.it\/en\/\"},{\"@type\":\"ListItem\",\"position\":2,\"name\":\"Products\",\"item\":\"https:\/\/starplastsrl.it\/en\/products\/\"},{\"@type\":\"ListItem\",\"position\":3,\"name\":\"FPNMN21000T3\"}]},{\"@type\":\"WebSite\",\"@id\":\"https:\/\/starplastsrl.it\/en\/#website\",\"url\":\"https:\/\/starplastsrl.it\/en\/\",\"name\":\"Starplast srl\",\"description\":\"Risparmia il tuo oro blu\",\"publisher\":{\"@id\":\"https:\/\/starplastsrl.it\/en\/#organization\"},\"potentialAction\":[{\"@type\":\"SearchAction\",\"target\":{\"@type\":\"EntryPoint\",\"urlTemplate\":\"https:\/\/starplastsrl.it\/en\/?s={search_term_string}\"},\"query-input\":{\"@type\":\"PropertyValueSpecification\",\"valueRequired\":true,\"valueName\":\"search_term_string\"}}],\"inLanguage\":\"en-US\"},{\"@type\":\"Organization\",\"@id\":\"https:\/\/starplastsrl.it\/en\/#organization\",\"name\":\"Starplast srl\",\"url\":\"https:\/\/starplastsrl.it\/en\/\",\"logo\":{\"@type\":\"ImageObject\",\"inLanguage\":\"en-US\",\"@id\":\"https:\/\/starplastsrl.it\/en\/#\/schema\/logo\/image\/\",\"url\":\"https:\/\/starplastsrl.it\/wp-content\/uploads\/2025\/04\/LOGO-STARPLAST-2025-01.png\",\"contentUrl\":\"https:\/\/starplastsrl.it\/wp-content\/uploads\/2025\/04\/LOGO-STARPLAST-2025-01.png\",\"width\":1134,\"height\":503,\"caption\":\"Starplast srl\"},\"image\":{\"@id\":\"https:\/\/starplastsrl.it\/en\/#\/schema\/logo\/image\/\"},\"sameAs\":[\"https:\/\/www.facebook.com\/starplastsrl\",\"https:\/\/www.instagram.com\/starplast_srl\/\",\"https:\/\/www.linkedin.com\/company\/14814612\",\"https:\/\/www.youtube.com\/channel\/UCiFjF77b-4fvCSf1_CSBDDg\"]}]}<\/script>\n<!-- \/ Yoast SEO plugin. -->","yoast_head_json":{"title":"FPNMN21000T3 - Starplast srl","robots":{"index":"index","follow":"follow","max-snippet":"max-snippet:-1","max-image-preview":"max-image-preview:large","max-video-preview":"max-video-preview:-1"},"canonical":"https:\/\/starplastsrl.it\/en\/prodotto\/fpnmn21000t3\/","og_locale":"en_US","og_type":"article","og_title":"FPNMN21000T3 - Starplast srl","og_description":"Filtro Percolatore Anaerobico modulare nervato per scarico in Tab. 3 (Acque superficiali) litri 19.130 &#8211; 130 A.E. UNI EN 12566-3. Fornitura di filtro percolatore anaerobico in polietilene da interro ?FPN..? tipo Starplast a forma cilindrica verticale, a spessore costante delle pareti e struttura irrigidita da nervature verticali ed orizzontali. All?interno riempito di elementi in polpropilene [&hellip;]","og_url":"https:\/\/starplastsrl.it\/en\/prodotto\/fpnmn21000t3\/","og_site_name":"Starplast srl","article_publisher":"https:\/\/www.facebook.com\/starplastsrl","article_modified_time":"2024-02-15T13:45:24+00:00","og_image":[{"width":354,"height":354,"url":"https:\/\/starplastsrl.it\/wp-content\/uploads\/2022\/05\/FPN MN 21000.jpg","type":"image\/png"}],"twitter_card":"summary_large_image","twitter_misc":{"Est. reading time":"1 minute"},"schema":{"@context":"https:\/\/schema.org","@graph":[{"@type":"WebPage","@id":"https:\/\/starplastsrl.it\/en\/prodotto\/fpnmn21000t3\/","url":"https:\/\/starplastsrl.it\/en\/prodotto\/fpnmn21000t3\/","name":"FPNMN21000T3 - Starplast srl","isPartOf":{"@id":"https:\/\/starplastsrl.it\/en\/#website"},"primaryImageOfPage":{"@id":"https:\/\/starplastsrl.it\/en\/prodotto\/fpnmn21000t3\/#primaryimage"},"image":{"@id":"https:\/\/starplastsrl.it\/en\/prodotto\/fpnmn21000t3\/#primaryimage"},"thumbnailUrl":"https:\/\/starplastsrl.it\/wp-content\/uploads\/2022\/05\/FPN MN 21000.jpg","datePublished":"2022-05-25T09:14:30+00:00","dateModified":"2024-02-15T13:45:24+00:00","breadcrumb":{"@id":"https:\/\/starplastsrl.it\/en\/prodotto\/fpnmn21000t3\/#breadcrumb"},"inLanguage":"en-US","potentialAction":[{"@type":"ReadAction","target":["https:\/\/starplastsrl.it\/en\/prodotto\/fpnmn21000t3\/"]}]},{"@type":"ImageObject","inLanguage":"en-US","@id":"https:\/\/starplastsrl.it\/en\/prodotto\/fpnmn21000t3\/#primaryimage","url":"https:\/\/starplastsrl.it\/wp-content\/uploads\/2022\/05\/FPN MN 21000.jpg","contentUrl":"https:\/\/starplastsrl.it\/wp-content\/uploads\/2022\/05\/FPN MN 21000.jpg","width":354,"height":354},{"@type":"BreadcrumbList","@id":"https:\/\/starplastsrl.it\/en\/prodotto\/fpnmn21000t3\/#breadcrumb","itemListElement":[{"@type":"ListItem","position":1,"name":"Home","item":"https:\/\/starplastsrl.it\/en\/"},{"@type":"ListItem","position":2,"name":"Products","item":"https:\/\/starplastsrl.it\/en\/products\/"},{"@type":"ListItem","position":3,"name":"FPNMN21000T3"}]},{"@type":"WebSite","@id":"https:\/\/starplastsrl.it\/en\/#website","url":"https:\/\/starplastsrl.it\/en\/","name":"Starplast srl","description":"Risparmia il tuo oro blu","publisher":{"@id":"https:\/\/starplastsrl.it\/en\/#organization"},"potentialAction":[{"@type":"SearchAction","target":{"@type":"EntryPoint","urlTemplate":"https:\/\/starplastsrl.it\/en\/?s={search_term_string}"},"query-input":{"@type":"PropertyValueSpecification","valueRequired":true,"valueName":"search_term_string"}}],"inLanguage":"en-US"},{"@type":"Organization","@id":"https:\/\/starplastsrl.it\/en\/#organization","name":"Starplast srl","url":"https:\/\/starplastsrl.it\/en\/","logo":{"@type":"ImageObject","inLanguage":"en-US","@id":"https:\/\/starplastsrl.it\/en\/#\/schema\/logo\/image\/","url":"https:\/\/starplastsrl.it\/wp-content\/uploads\/2025\/04\/LOGO-STARPLAST-2025-01.png","contentUrl":"https:\/\/starplastsrl.it\/wp-content\/uploads\/2025\/04\/LOGO-STARPLAST-2025-01.png","width":1134,"height":503,"caption":"Starplast srl"},"image":{"@id":"https:\/\/starplastsrl.it\/en\/#\/schema\/logo\/image\/"},"sameAs":["https:\/\/www.facebook.com\/starplastsrl","https:\/\/www.instagram.com\/starplast_srl\/","https:\/\/www.linkedin.com\/company\/14814612","https:\/\/www.youtube.com\/channel\/UCiFjF77b-4fvCSf1_CSBDDg"]}]}},"_links":{"self":[{"href":"https:\/\/starplastsrl.it\/en\/wp-json\/wp\/v2\/product\/11471","targetHints":{"allow":["GET"]}}],"collection":[{"href":"https:\/\/starplastsrl.it\/en\/wp-json\/wp\/v2\/product"}],"about":[{"href":"https:\/\/starplastsrl.it\/en\/wp-json\/wp\/v2\/types\/product"}],"wp:featuredmedia":[{"embeddable":true,"href":"https:\/\/starplastsrl.it\/en\/wp-json\/wp\/v2\/media\/21504"}],"wp:attachment":[{"href":"https:\/\/starplastsrl.it\/en\/wp-json\/wp\/v2\/media?parent=11471"}],"wp:term":[{"taxonomy":"product_cat","embeddable":true,"href":"https:\/\/starplastsrl.it\/en\/wp-json\/wp\/v2\/product_cat?post=11471"},{"taxonomy":"product_tag","embeddable":true,"href":"https:\/\/starplastsrl.it\/en\/wp-json\/wp\/v2\/product_tag?post=11471"}],"curies":[{"name":"wp","href":"https:\/\/api.w.org\/{rel}","templated":true}]}}