{"id":12035,"date":"2022-05-25T11:17:12","date_gmt":"2022-05-25T09:17:12","guid":{"rendered":"https:\/\/starplastsrl.it\/prodotto\/bstmp7000-ri\/"},"modified":"2024-02-15T14:47:00","modified_gmt":"2024-02-15T13:47:00","slug":"bstmp7000-ri","status":"publish","type":"product","link":"https:\/\/starplastsrl.it\/en\/prodotto\/bstmp7000-ri\/","title":{"rendered":"BSTMP7000-RI"},"content":{"rendered":"<p>Impianto Biosmart modulare piccolo per scarico su suolo \/ riutilizzo irriguo o cassette WC volume litri 6350 &#8211; 12 A.E. Completo di:<\/p>\n<p>&#8211; Sedimentazione primaria litri 2400; &#8211; Denitrificazione (percolatore anossico) litri 1710; &#8211; Biofiltrazione areata litri 1920 con diffusori e soffiante a membrana; &#8211; Cono di sedimentazione secondaria litri 320; &#8211; Air-lift di ricircolo fanghi con soffiante a membrana dedicata; &#8211; Quadro elettrico per comando temporizzato di due utenze monofase.<br \/>Fornitura di impianto BIOSMART in polietilene da interro ?BST&#8230;? tipo Starplast a forma troncoconica o cilindrica orizzontalemodulare saldata ad elettrofusione a passaggio totale. Il depuratore \u00e8 un monoblocco con fase di sedimentazione primaria, fase di predenitrificazione con corpi di riempimento, fase di ossidazione dei liquami in letto flottante con carrier movimentati da diffusori d?aria a bolle fini prodotta da compressore e fase di sedimentazione secondaria con sistema air-lift per il ricircolo. E? compresa altres\u00ec la fornitura di quadro elettrico di comando con timer per funzionamento apparecchiature elettromeccaniche. Sulla generatrice superiore della vasca sono posizionati un numero di accessi adeguato con fori dotati di tappo con chiusura a baionetta. L?Impianto \u00e8 dimensionato secondo le norme UNI EN 12566-1\/3, dovr\u00e0 essere adatto al trattamento dei reflui di civili abitazioni o assimilabili, idoneo allo scarico su suolo o riutilizzo irriguo da effettuarsi all?interno del terreno di propriet\u00e0.L?impianto mod. BSTMP7000-RI avr\u00e0 le seguenti dimensioni: Lu 632 La 125 H 134 volume Lt 6350 potenzialit\u00e0 A.E 12<\/p>\n","protected":false},"excerpt":{"rendered":"<p>Impianto Biosmart modulare piccolo per scarico su suolo \/ riutilizzo irriguo o cassette WC volume litri 6350 &#8211; 12 A.E. Completo di: &#8211; Sedimentazione primaria litri 2400; &#8211; Denitrificazione (percolatore anossico) litri 1710; &#8211; Biofiltrazione areata litri 1920 con diffusori e soffiante a membrana; &#8211; Cono di sedimentazione secondaria litri 320; &#8211; Air-lift di ricircolo [&hellip;]<\/p>\n","protected":false},"featured_media":21653,"template":"","meta":{"_acf_changed":false},"product_cat":[357,433,434],"product_tag":[186],"class_list":{"0":"post-12035","1":"product","2":"type-product","3":"status-publish","4":"has-post-thumbnail","6":"product_cat-biologico","7":"product_cat-biologico-biosmart","8":"product_cat-biologico-biosmart-riutilizzo","9":"product_tag-speciali","11":"first","12":"instock","13":"taxable","14":"shipping-taxable","15":"purchasable","16":"product-type-simple"},"acf":[],"yoast_head":"<!-- This site is optimized with the Yoast SEO plugin v25.9 - https:\/\/yoast.com\/wordpress\/plugins\/seo\/ -->\n<title>BSTMP7000-RI - Starplast srl<\/title>\n<meta name=\"robots\" content=\"index, follow, max-snippet:-1, max-image-preview:large, max-video-preview:-1\" \/>\n<link rel=\"canonical\" href=\"https:\/\/starplastsrl.it\/en\/prodotto\/bstmp7000-ri\/\" \/>\n<meta property=\"og:locale\" content=\"en_US\" \/>\n<meta property=\"og:type\" content=\"article\" \/>\n<meta property=\"og:title\" content=\"BSTMP7000-RI - Starplast srl\" \/>\n<meta property=\"og:description\" content=\"Impianto Biosmart modulare piccolo per scarico su suolo \/ riutilizzo irriguo o cassette WC volume litri 6350 &#8211; 12 A.E. Completo di: &#8211; Sedimentazione primaria litri 2400; &#8211; Denitrificazione (percolatore anossico) litri 1710; &#8211; Biofiltrazione areata litri 1920 con diffusori e soffiante a membrana; &#8211; Cono di sedimentazione secondaria litri 320; &#8211; Air-lift di ricircolo [&hellip;]\" \/>\n<meta property=\"og:url\" content=\"https:\/\/starplastsrl.it\/en\/prodotto\/bstmp7000-ri\/\" \/>\n<meta property=\"og:site_name\" content=\"Starplast srl\" \/>\n<meta property=\"article:publisher\" content=\"https:\/\/www.facebook.com\/starplastsrl\" \/>\n<meta property=\"article:modified_time\" content=\"2024-02-15T13:47:00+00:00\" \/>\n<meta property=\"og:image\" content=\"https:\/\/starplastsrl.it\/wp-content\/uploads\/2022\/05\/BST%20MP%207000.jpg\" \/>\n\t<meta property=\"og:image:width\" content=\"354\" \/>\n\t<meta property=\"og:image:height\" content=\"354\" \/>\n\t<meta property=\"og:image:type\" content=\"image\/png\" \/>\n<meta name=\"twitter:card\" content=\"summary_large_image\" \/>\n<meta name=\"twitter:label1\" content=\"Est. reading time\" \/>\n\t<meta name=\"twitter:data1\" content=\"1 minute\" \/>\n<script type=\"application\/ld+json\" class=\"yoast-schema-graph\">{\"@context\":\"https:\/\/schema.org\",\"@graph\":[{\"@type\":\"WebPage\",\"@id\":\"https:\/\/starplastsrl.it\/en\/prodotto\/bstmp7000-ri\/\",\"url\":\"https:\/\/starplastsrl.it\/en\/prodotto\/bstmp7000-ri\/\",\"name\":\"BSTMP7000-RI - Starplast srl\",\"isPartOf\":{\"@id\":\"https:\/\/starplastsrl.it\/en\/#website\"},\"primaryImageOfPage\":{\"@id\":\"https:\/\/starplastsrl.it\/en\/prodotto\/bstmp7000-ri\/#primaryimage\"},\"image\":{\"@id\":\"https:\/\/starplastsrl.it\/en\/prodotto\/bstmp7000-ri\/#primaryimage\"},\"thumbnailUrl\":\"https:\/\/starplastsrl.it\/wp-content\/uploads\/2022\/05\/BST MP 7000.jpg\",\"datePublished\":\"2022-05-25T09:17:12+00:00\",\"dateModified\":\"2024-02-15T13:47:00+00:00\",\"breadcrumb\":{\"@id\":\"https:\/\/starplastsrl.it\/en\/prodotto\/bstmp7000-ri\/#breadcrumb\"},\"inLanguage\":\"en-US\",\"potentialAction\":[{\"@type\":\"ReadAction\",\"target\":[\"https:\/\/starplastsrl.it\/en\/prodotto\/bstmp7000-ri\/\"]}]},{\"@type\":\"ImageObject\",\"inLanguage\":\"en-US\",\"@id\":\"https:\/\/starplastsrl.it\/en\/prodotto\/bstmp7000-ri\/#primaryimage\",\"url\":\"https:\/\/starplastsrl.it\/wp-content\/uploads\/2022\/05\/BST MP 7000.jpg\",\"contentUrl\":\"https:\/\/starplastsrl.it\/wp-content\/uploads\/2022\/05\/BST MP 7000.jpg\",\"width\":354,\"height\":354},{\"@type\":\"BreadcrumbList\",\"@id\":\"https:\/\/starplastsrl.it\/en\/prodotto\/bstmp7000-ri\/#breadcrumb\",\"itemListElement\":[{\"@type\":\"ListItem\",\"position\":1,\"name\":\"Home\",\"item\":\"https:\/\/starplastsrl.it\/en\/\"},{\"@type\":\"ListItem\",\"position\":2,\"name\":\"Products\",\"item\":\"https:\/\/starplastsrl.it\/en\/products\/\"},{\"@type\":\"ListItem\",\"position\":3,\"name\":\"BSTMP7000-RI\"}]},{\"@type\":\"WebSite\",\"@id\":\"https:\/\/starplastsrl.it\/en\/#website\",\"url\":\"https:\/\/starplastsrl.it\/en\/\",\"name\":\"Starplast srl\",\"description\":\"Risparmia il tuo oro blu\",\"publisher\":{\"@id\":\"https:\/\/starplastsrl.it\/en\/#organization\"},\"potentialAction\":[{\"@type\":\"SearchAction\",\"target\":{\"@type\":\"EntryPoint\",\"urlTemplate\":\"https:\/\/starplastsrl.it\/en\/?s={search_term_string}\"},\"query-input\":{\"@type\":\"PropertyValueSpecification\",\"valueRequired\":true,\"valueName\":\"search_term_string\"}}],\"inLanguage\":\"en-US\"},{\"@type\":\"Organization\",\"@id\":\"https:\/\/starplastsrl.it\/en\/#organization\",\"name\":\"Starplast srl\",\"url\":\"https:\/\/starplastsrl.it\/en\/\",\"logo\":{\"@type\":\"ImageObject\",\"inLanguage\":\"en-US\",\"@id\":\"https:\/\/starplastsrl.it\/en\/#\/schema\/logo\/image\/\",\"url\":\"https:\/\/starplastsrl.it\/wp-content\/uploads\/2025\/04\/LOGO-STARPLAST-2025-01.png\",\"contentUrl\":\"https:\/\/starplastsrl.it\/wp-content\/uploads\/2025\/04\/LOGO-STARPLAST-2025-01.png\",\"width\":1134,\"height\":503,\"caption\":\"Starplast srl\"},\"image\":{\"@id\":\"https:\/\/starplastsrl.it\/en\/#\/schema\/logo\/image\/\"},\"sameAs\":[\"https:\/\/www.facebook.com\/starplastsrl\",\"https:\/\/www.instagram.com\/starplast_srl\/\",\"https:\/\/www.linkedin.com\/company\/14814612\",\"https:\/\/www.youtube.com\/channel\/UCiFjF77b-4fvCSf1_CSBDDg\"]}]}<\/script>\n<!-- \/ Yoast SEO plugin. -->","yoast_head_json":{"title":"BSTMP7000-RI - Starplast srl","robots":{"index":"index","follow":"follow","max-snippet":"max-snippet:-1","max-image-preview":"max-image-preview:large","max-video-preview":"max-video-preview:-1"},"canonical":"https:\/\/starplastsrl.it\/en\/prodotto\/bstmp7000-ri\/","og_locale":"en_US","og_type":"article","og_title":"BSTMP7000-RI - Starplast srl","og_description":"Impianto Biosmart modulare piccolo per scarico su suolo \/ riutilizzo irriguo o cassette WC volume litri 6350 &#8211; 12 A.E. Completo di: &#8211; Sedimentazione primaria litri 2400; &#8211; Denitrificazione (percolatore anossico) litri 1710; &#8211; Biofiltrazione areata litri 1920 con diffusori e soffiante a membrana; &#8211; Cono di sedimentazione secondaria litri 320; &#8211; Air-lift di ricircolo [&hellip;]","og_url":"https:\/\/starplastsrl.it\/en\/prodotto\/bstmp7000-ri\/","og_site_name":"Starplast srl","article_publisher":"https:\/\/www.facebook.com\/starplastsrl","article_modified_time":"2024-02-15T13:47:00+00:00","og_image":[{"width":354,"height":354,"url":"https:\/\/starplastsrl.it\/wp-content\/uploads\/2022\/05\/BST MP 7000.jpg","type":"image\/png"}],"twitter_card":"summary_large_image","twitter_misc":{"Est. reading time":"1 minute"},"schema":{"@context":"https:\/\/schema.org","@graph":[{"@type":"WebPage","@id":"https:\/\/starplastsrl.it\/en\/prodotto\/bstmp7000-ri\/","url":"https:\/\/starplastsrl.it\/en\/prodotto\/bstmp7000-ri\/","name":"BSTMP7000-RI - Starplast srl","isPartOf":{"@id":"https:\/\/starplastsrl.it\/en\/#website"},"primaryImageOfPage":{"@id":"https:\/\/starplastsrl.it\/en\/prodotto\/bstmp7000-ri\/#primaryimage"},"image":{"@id":"https:\/\/starplastsrl.it\/en\/prodotto\/bstmp7000-ri\/#primaryimage"},"thumbnailUrl":"https:\/\/starplastsrl.it\/wp-content\/uploads\/2022\/05\/BST MP 7000.jpg","datePublished":"2022-05-25T09:17:12+00:00","dateModified":"2024-02-15T13:47:00+00:00","breadcrumb":{"@id":"https:\/\/starplastsrl.it\/en\/prodotto\/bstmp7000-ri\/#breadcrumb"},"inLanguage":"en-US","potentialAction":[{"@type":"ReadAction","target":["https:\/\/starplastsrl.it\/en\/prodotto\/bstmp7000-ri\/"]}]},{"@type":"ImageObject","inLanguage":"en-US","@id":"https:\/\/starplastsrl.it\/en\/prodotto\/bstmp7000-ri\/#primaryimage","url":"https:\/\/starplastsrl.it\/wp-content\/uploads\/2022\/05\/BST MP 7000.jpg","contentUrl":"https:\/\/starplastsrl.it\/wp-content\/uploads\/2022\/05\/BST MP 7000.jpg","width":354,"height":354},{"@type":"BreadcrumbList","@id":"https:\/\/starplastsrl.it\/en\/prodotto\/bstmp7000-ri\/#breadcrumb","itemListElement":[{"@type":"ListItem","position":1,"name":"Home","item":"https:\/\/starplastsrl.it\/en\/"},{"@type":"ListItem","position":2,"name":"Products","item":"https:\/\/starplastsrl.it\/en\/products\/"},{"@type":"ListItem","position":3,"name":"BSTMP7000-RI"}]},{"@type":"WebSite","@id":"https:\/\/starplastsrl.it\/en\/#website","url":"https:\/\/starplastsrl.it\/en\/","name":"Starplast srl","description":"Risparmia il tuo oro blu","publisher":{"@id":"https:\/\/starplastsrl.it\/en\/#organization"},"potentialAction":[{"@type":"SearchAction","target":{"@type":"EntryPoint","urlTemplate":"https:\/\/starplastsrl.it\/en\/?s={search_term_string}"},"query-input":{"@type":"PropertyValueSpecification","valueRequired":true,"valueName":"search_term_string"}}],"inLanguage":"en-US"},{"@type":"Organization","@id":"https:\/\/starplastsrl.it\/en\/#organization","name":"Starplast srl","url":"https:\/\/starplastsrl.it\/en\/","logo":{"@type":"ImageObject","inLanguage":"en-US","@id":"https:\/\/starplastsrl.it\/en\/#\/schema\/logo\/image\/","url":"https:\/\/starplastsrl.it\/wp-content\/uploads\/2025\/04\/LOGO-STARPLAST-2025-01.png","contentUrl":"https:\/\/starplastsrl.it\/wp-content\/uploads\/2025\/04\/LOGO-STARPLAST-2025-01.png","width":1134,"height":503,"caption":"Starplast srl"},"image":{"@id":"https:\/\/starplastsrl.it\/en\/#\/schema\/logo\/image\/"},"sameAs":["https:\/\/www.facebook.com\/starplastsrl","https:\/\/www.instagram.com\/starplast_srl\/","https:\/\/www.linkedin.com\/company\/14814612","https:\/\/www.youtube.com\/channel\/UCiFjF77b-4fvCSf1_CSBDDg"]}]}},"_links":{"self":[{"href":"https:\/\/starplastsrl.it\/en\/wp-json\/wp\/v2\/product\/12035","targetHints":{"allow":["GET"]}}],"collection":[{"href":"https:\/\/starplastsrl.it\/en\/wp-json\/wp\/v2\/product"}],"about":[{"href":"https:\/\/starplastsrl.it\/en\/wp-json\/wp\/v2\/types\/product"}],"wp:featuredmedia":[{"embeddable":true,"href":"https:\/\/starplastsrl.it\/en\/wp-json\/wp\/v2\/media\/21653"}],"wp:attachment":[{"href":"https:\/\/starplastsrl.it\/en\/wp-json\/wp\/v2\/media?parent=12035"}],"wp:term":[{"taxonomy":"product_cat","embeddable":true,"href":"https:\/\/starplastsrl.it\/en\/wp-json\/wp\/v2\/product_cat?post=12035"},{"taxonomy":"product_tag","embeddable":true,"href":"https:\/\/starplastsrl.it\/en\/wp-json\/wp\/v2\/product_tag?post=12035"}],"curies":[{"name":"wp","href":"https:\/\/api.w.org\/{rel}","templated":true}]}}