{"id":12056,"date":"2022-05-25T11:17:15","date_gmt":"2022-05-25T09:17:15","guid":{"rendered":"https:\/\/starplastsrl.it\/prodotto\/dsscr5600ri\/"},"modified":"2024-02-15T14:47:03","modified_gmt":"2024-02-15T13:47:03","slug":"dsscr5600ri","status":"publish","type":"product","link":"https:\/\/starplastsrl.it\/en\/prodotto\/dsscr5600ri\/","title":{"rendered":"DSSCR5600RI"},"content":{"rendered":"<p>Impianto Depur  Super Star corrugato per riutilizzo a scopo irriguo. Volume totale litri 16800 &#8211; 40 A.E. Composto da:<\/p>\n<p>&#8211; Vasca Imhoff capacit\u00e0 litri 5600; &#8211; Filtro percolatore anaerobico capacit\u00e0 litri 5600; &#8211; Depuratore a fanghi attivi con cono di sedimentazione, profilo Thomson e para schiuma capacit\u00e0 litri 5600 completo di diffusori e soffiante a membrana; &#8211; Air-lift di ricircolo fanghi con soffiante a membrana dedicata; &#8211; Quadro elettrico per comando temporizzato di due utenze monofase.<br \/>Fornitura di impianto DEPUR SUPERSTAR in polietilene da interro ?DSS?? tipo Starplast realizzato con te manufatti distinti a forma cilindrica verticale monolitica con struttura irrigidita da nervature per garantire la tenuta meccanica e tappi rinforzati. Il depuratore \u00e8 composto da tre monoblocchi che rappresentano le fasi di depurazione: una fase di sedimentazione primaria realizzata tramite vasca tipo Imhoff, una fase di predenitrificazione con corpi di riempimento realizzata con filtro percolatore, una fase di ossidazione dei liquami a fanghi attivi movimentati tramite diffusione d?aria a bolle fini prodotte da compressore a membrana o soffiante a canali laterali ed una fase di sedimentazione secondaria nella quale alloggia sistema air-lift per il ricircolo comandato da compressore a membrana. E? compresa altres\u00ec la fornitura di quadro elettrico di comando con timer di funzionamento per controllo delle apparecchiature elettromeccaniche. Sulla generatrice superiore della vasca saranno posizionati un numero di accessi adeguato con fori passanti del \u00d8 minimo di 200 mm con tappo di chiusura a baionetta. L?Impianto \u00e8 dimensionato secondo le norme UNI EN 12566-1\/3, dovr\u00e0 essere adatto al trattamento completo dei reflui di civili abitazioni o assimilabili, idoneo allo scarico su suolo o per riutilizzo irriguo da effettuarsi all?interno del terreno di propriet\u00e0. L?impianto mod. DSSCR5600RI avr\u00e0 le seguenti dimensioni: Lu 790 La 230 H 188 volume Lt 16800 potenzialit\u00e0 A.E 40<\/p>\n","protected":false},"excerpt":{"rendered":"<p>Impianto Depur Super Star corrugato per riutilizzo a scopo irriguo. Volume totale litri 16800 &#8211; 40 A.E. Composto da: &#8211; Vasca Imhoff capacit\u00e0 litri 5600; &#8211; Filtro percolatore anaerobico capacit\u00e0 litri 5600; &#8211; Depuratore a fanghi attivi con cono di sedimentazione, profilo Thomson e para schiuma capacit\u00e0 litri 5600 completo di diffusori e soffiante a [&hellip;]<\/p>\n","protected":false},"featured_media":25824,"template":"","meta":{"_acf_changed":false},"product_cat":[357,359,437],"product_tag":[186],"class_list":{"0":"post-12056","1":"product","2":"type-product","3":"status-publish","4":"has-post-thumbnail","6":"product_cat-biologico","7":"product_cat-biologico-depur-superstar","8":"product_cat-biologico-depur-superstar-riutilizzo","9":"product_tag-speciali","11":"first","12":"instock","13":"taxable","14":"shipping-taxable","15":"purchasable","16":"product-type-simple"},"acf":[],"yoast_head":"<!-- This site is optimized with the Yoast SEO plugin v25.9 - https:\/\/yoast.com\/wordpress\/plugins\/seo\/ -->\n<title>DSSCR5600RI - Starplast srl<\/title>\n<meta name=\"robots\" content=\"index, follow, max-snippet:-1, max-image-preview:large, max-video-preview:-1\" \/>\n<link rel=\"canonical\" href=\"https:\/\/starplastsrl.it\/en\/prodotto\/dsscr5600ri\/\" \/>\n<meta property=\"og:locale\" content=\"en_US\" \/>\n<meta property=\"og:type\" content=\"article\" \/>\n<meta property=\"og:title\" content=\"DSSCR5600RI - Starplast srl\" \/>\n<meta property=\"og:description\" content=\"Impianto Depur Super Star corrugato per riutilizzo a scopo irriguo. Volume totale litri 16800 &#8211; 40 A.E. Composto da: &#8211; Vasca Imhoff capacit\u00e0 litri 5600; &#8211; Filtro percolatore anaerobico capacit\u00e0 litri 5600; &#8211; Depuratore a fanghi attivi con cono di sedimentazione, profilo Thomson e para schiuma capacit\u00e0 litri 5600 completo di diffusori e soffiante a [&hellip;]\" \/>\n<meta property=\"og:url\" content=\"https:\/\/starplastsrl.it\/en\/prodotto\/dsscr5600ri\/\" \/>\n<meta property=\"og:site_name\" content=\"Starplast srl\" \/>\n<meta property=\"article:publisher\" content=\"https:\/\/www.facebook.com\/starplastsrl\" \/>\n<meta property=\"article:modified_time\" content=\"2024-02-15T13:47:03+00:00\" \/>\n<meta property=\"og:image\" content=\"https:\/\/starplastsrl.it\/wp-content\/uploads\/2022\/05\/DST%20CR%205600.jpg\" \/>\n\t<meta property=\"og:image:width\" content=\"354\" \/>\n\t<meta property=\"og:image:height\" content=\"354\" \/>\n\t<meta property=\"og:image:type\" content=\"image\/png\" \/>\n<meta name=\"twitter:card\" content=\"summary_large_image\" \/>\n<meta name=\"twitter:label1\" content=\"Est. reading time\" \/>\n\t<meta name=\"twitter:data1\" content=\"1 minute\" \/>\n<script type=\"application\/ld+json\" class=\"yoast-schema-graph\">{\"@context\":\"https:\/\/schema.org\",\"@graph\":[{\"@type\":\"WebPage\",\"@id\":\"https:\/\/starplastsrl.it\/en\/prodotto\/dsscr5600ri\/\",\"url\":\"https:\/\/starplastsrl.it\/en\/prodotto\/dsscr5600ri\/\",\"name\":\"DSSCR5600RI - Starplast srl\",\"isPartOf\":{\"@id\":\"https:\/\/starplastsrl.it\/en\/#website\"},\"primaryImageOfPage\":{\"@id\":\"https:\/\/starplastsrl.it\/en\/prodotto\/dsscr5600ri\/#primaryimage\"},\"image\":{\"@id\":\"https:\/\/starplastsrl.it\/en\/prodotto\/dsscr5600ri\/#primaryimage\"},\"thumbnailUrl\":\"https:\/\/starplastsrl.it\/wp-content\/uploads\/2022\/05\/DST CR 5600.jpg\",\"datePublished\":\"2022-05-25T09:17:15+00:00\",\"dateModified\":\"2024-02-15T13:47:03+00:00\",\"breadcrumb\":{\"@id\":\"https:\/\/starplastsrl.it\/en\/prodotto\/dsscr5600ri\/#breadcrumb\"},\"inLanguage\":\"en-US\",\"potentialAction\":[{\"@type\":\"ReadAction\",\"target\":[\"https:\/\/starplastsrl.it\/en\/prodotto\/dsscr5600ri\/\"]}]},{\"@type\":\"ImageObject\",\"inLanguage\":\"en-US\",\"@id\":\"https:\/\/starplastsrl.it\/en\/prodotto\/dsscr5600ri\/#primaryimage\",\"url\":\"https:\/\/starplastsrl.it\/wp-content\/uploads\/2022\/05\/DST CR 5600.jpg\",\"contentUrl\":\"https:\/\/starplastsrl.it\/wp-content\/uploads\/2022\/05\/DST CR 5600.jpg\",\"width\":354,\"height\":354},{\"@type\":\"BreadcrumbList\",\"@id\":\"https:\/\/starplastsrl.it\/en\/prodotto\/dsscr5600ri\/#breadcrumb\",\"itemListElement\":[{\"@type\":\"ListItem\",\"position\":1,\"name\":\"Home\",\"item\":\"https:\/\/starplastsrl.it\/en\/\"},{\"@type\":\"ListItem\",\"position\":2,\"name\":\"Products\",\"item\":\"https:\/\/starplastsrl.it\/en\/products\/\"},{\"@type\":\"ListItem\",\"position\":3,\"name\":\"DSSCR5600RI\"}]},{\"@type\":\"WebSite\",\"@id\":\"https:\/\/starplastsrl.it\/en\/#website\",\"url\":\"https:\/\/starplastsrl.it\/en\/\",\"name\":\"Starplast srl\",\"description\":\"Risparmia il tuo oro blu\",\"publisher\":{\"@id\":\"https:\/\/starplastsrl.it\/en\/#organization\"},\"potentialAction\":[{\"@type\":\"SearchAction\",\"target\":{\"@type\":\"EntryPoint\",\"urlTemplate\":\"https:\/\/starplastsrl.it\/en\/?s={search_term_string}\"},\"query-input\":{\"@type\":\"PropertyValueSpecification\",\"valueRequired\":true,\"valueName\":\"search_term_string\"}}],\"inLanguage\":\"en-US\"},{\"@type\":\"Organization\",\"@id\":\"https:\/\/starplastsrl.it\/en\/#organization\",\"name\":\"Starplast srl\",\"url\":\"https:\/\/starplastsrl.it\/en\/\",\"logo\":{\"@type\":\"ImageObject\",\"inLanguage\":\"en-US\",\"@id\":\"https:\/\/starplastsrl.it\/en\/#\/schema\/logo\/image\/\",\"url\":\"https:\/\/starplastsrl.it\/wp-content\/uploads\/2025\/04\/LOGO-STARPLAST-2025-01.png\",\"contentUrl\":\"https:\/\/starplastsrl.it\/wp-content\/uploads\/2025\/04\/LOGO-STARPLAST-2025-01.png\",\"width\":1134,\"height\":503,\"caption\":\"Starplast srl\"},\"image\":{\"@id\":\"https:\/\/starplastsrl.it\/en\/#\/schema\/logo\/image\/\"},\"sameAs\":[\"https:\/\/www.facebook.com\/starplastsrl\",\"https:\/\/www.instagram.com\/starplast_srl\/\",\"https:\/\/www.linkedin.com\/company\/14814612\",\"https:\/\/www.youtube.com\/channel\/UCiFjF77b-4fvCSf1_CSBDDg\"]}]}<\/script>\n<!-- \/ Yoast SEO plugin. -->","yoast_head_json":{"title":"DSSCR5600RI - Starplast srl","robots":{"index":"index","follow":"follow","max-snippet":"max-snippet:-1","max-image-preview":"max-image-preview:large","max-video-preview":"max-video-preview:-1"},"canonical":"https:\/\/starplastsrl.it\/en\/prodotto\/dsscr5600ri\/","og_locale":"en_US","og_type":"article","og_title":"DSSCR5600RI - Starplast srl","og_description":"Impianto Depur Super Star corrugato per riutilizzo a scopo irriguo. Volume totale litri 16800 &#8211; 40 A.E. Composto da: &#8211; Vasca Imhoff capacit\u00e0 litri 5600; &#8211; Filtro percolatore anaerobico capacit\u00e0 litri 5600; &#8211; Depuratore a fanghi attivi con cono di sedimentazione, profilo Thomson e para schiuma capacit\u00e0 litri 5600 completo di diffusori e soffiante a [&hellip;]","og_url":"https:\/\/starplastsrl.it\/en\/prodotto\/dsscr5600ri\/","og_site_name":"Starplast srl","article_publisher":"https:\/\/www.facebook.com\/starplastsrl","article_modified_time":"2024-02-15T13:47:03+00:00","og_image":[{"width":354,"height":354,"url":"https:\/\/starplastsrl.it\/wp-content\/uploads\/2022\/05\/DST CR 5600.jpg","type":"image\/png"}],"twitter_card":"summary_large_image","twitter_misc":{"Est. reading time":"1 minute"},"schema":{"@context":"https:\/\/schema.org","@graph":[{"@type":"WebPage","@id":"https:\/\/starplastsrl.it\/en\/prodotto\/dsscr5600ri\/","url":"https:\/\/starplastsrl.it\/en\/prodotto\/dsscr5600ri\/","name":"DSSCR5600RI - Starplast srl","isPartOf":{"@id":"https:\/\/starplastsrl.it\/en\/#website"},"primaryImageOfPage":{"@id":"https:\/\/starplastsrl.it\/en\/prodotto\/dsscr5600ri\/#primaryimage"},"image":{"@id":"https:\/\/starplastsrl.it\/en\/prodotto\/dsscr5600ri\/#primaryimage"},"thumbnailUrl":"https:\/\/starplastsrl.it\/wp-content\/uploads\/2022\/05\/DST CR 5600.jpg","datePublished":"2022-05-25T09:17:15+00:00","dateModified":"2024-02-15T13:47:03+00:00","breadcrumb":{"@id":"https:\/\/starplastsrl.it\/en\/prodotto\/dsscr5600ri\/#breadcrumb"},"inLanguage":"en-US","potentialAction":[{"@type":"ReadAction","target":["https:\/\/starplastsrl.it\/en\/prodotto\/dsscr5600ri\/"]}]},{"@type":"ImageObject","inLanguage":"en-US","@id":"https:\/\/starplastsrl.it\/en\/prodotto\/dsscr5600ri\/#primaryimage","url":"https:\/\/starplastsrl.it\/wp-content\/uploads\/2022\/05\/DST CR 5600.jpg","contentUrl":"https:\/\/starplastsrl.it\/wp-content\/uploads\/2022\/05\/DST CR 5600.jpg","width":354,"height":354},{"@type":"BreadcrumbList","@id":"https:\/\/starplastsrl.it\/en\/prodotto\/dsscr5600ri\/#breadcrumb","itemListElement":[{"@type":"ListItem","position":1,"name":"Home","item":"https:\/\/starplastsrl.it\/en\/"},{"@type":"ListItem","position":2,"name":"Products","item":"https:\/\/starplastsrl.it\/en\/products\/"},{"@type":"ListItem","position":3,"name":"DSSCR5600RI"}]},{"@type":"WebSite","@id":"https:\/\/starplastsrl.it\/en\/#website","url":"https:\/\/starplastsrl.it\/en\/","name":"Starplast srl","description":"Risparmia il tuo oro blu","publisher":{"@id":"https:\/\/starplastsrl.it\/en\/#organization"},"potentialAction":[{"@type":"SearchAction","target":{"@type":"EntryPoint","urlTemplate":"https:\/\/starplastsrl.it\/en\/?s={search_term_string}"},"query-input":{"@type":"PropertyValueSpecification","valueRequired":true,"valueName":"search_term_string"}}],"inLanguage":"en-US"},{"@type":"Organization","@id":"https:\/\/starplastsrl.it\/en\/#organization","name":"Starplast srl","url":"https:\/\/starplastsrl.it\/en\/","logo":{"@type":"ImageObject","inLanguage":"en-US","@id":"https:\/\/starplastsrl.it\/en\/#\/schema\/logo\/image\/","url":"https:\/\/starplastsrl.it\/wp-content\/uploads\/2025\/04\/LOGO-STARPLAST-2025-01.png","contentUrl":"https:\/\/starplastsrl.it\/wp-content\/uploads\/2025\/04\/LOGO-STARPLAST-2025-01.png","width":1134,"height":503,"caption":"Starplast srl"},"image":{"@id":"https:\/\/starplastsrl.it\/en\/#\/schema\/logo\/image\/"},"sameAs":["https:\/\/www.facebook.com\/starplastsrl","https:\/\/www.instagram.com\/starplast_srl\/","https:\/\/www.linkedin.com\/company\/14814612","https:\/\/www.youtube.com\/channel\/UCiFjF77b-4fvCSf1_CSBDDg"]}]}},"_links":{"self":[{"href":"https:\/\/starplastsrl.it\/en\/wp-json\/wp\/v2\/product\/12056","targetHints":{"allow":["GET"]}}],"collection":[{"href":"https:\/\/starplastsrl.it\/en\/wp-json\/wp\/v2\/product"}],"about":[{"href":"https:\/\/starplastsrl.it\/en\/wp-json\/wp\/v2\/types\/product"}],"wp:featuredmedia":[{"embeddable":true,"href":"https:\/\/starplastsrl.it\/en\/wp-json\/wp\/v2\/media\/25824"}],"wp:attachment":[{"href":"https:\/\/starplastsrl.it\/en\/wp-json\/wp\/v2\/media?parent=12056"}],"wp:term":[{"taxonomy":"product_cat","embeddable":true,"href":"https:\/\/starplastsrl.it\/en\/wp-json\/wp\/v2\/product_cat?post=12056"},{"taxonomy":"product_tag","embeddable":true,"href":"https:\/\/starplastsrl.it\/en\/wp-json\/wp\/v2\/product_tag?post=12056"}],"curies":[{"name":"wp","href":"https:\/\/api.w.org\/{rel}","templated":true}]}}