{"id":12179,"date":"2022-05-25T11:17:38","date_gmt":"2022-05-25T09:17:38","guid":{"rendered":"https:\/\/starplastsrl.it\/prodotto\/ippa12000t4\/"},"modified":"2024-02-15T15:51:52","modified_gmt":"2024-02-15T14:51:52","slug":"ippa12000t4","status":"publish","type":"product","link":"https:\/\/starplastsrl.it\/en\/prodotto\/ippa12000t4\/","title":{"rendered":"IPPA12000T4"},"content":{"rendered":"<p>Impianto trattamento acque di prima pioggia in accumulo separato, superficie piazzale 2.500 m\u00b2, per scarico in Tab. 4 per i soli parametri SST e idrocarburi totali composto da:<\/p>\n<p>&#8211; n. 1 pozzetto scolmatore con ingresso \u00f8 315 mm, tubo by-pass \u00f8 315 mm, uscita scolmatore \u00f8 200 mm; &#8211; n. 1 serbatoio modulare capacit\u00e0 totale 12.750 litri completo di valvola a clapet \u00f8 200 mm, pompa monofase 0,37 kW e relativo quadro elettrico di comando; &#8211; n. 1 pozzetto di calma litri 150 per alimentazione deoliatore; &#8211; n. 1 deoliatore  corrugato con filtro a coalescenza capacit\u00e0 840 litri UNI EN 858\/1-2 NS 2,0 &#8211; n. 1 vasca oleoassorbente capacit\u00e0 840 litri<\/p>\n","protected":false},"excerpt":{"rendered":"<p>Impianto trattamento acque di prima pioggia in accumulo separato, superficie piazzale 2.500 m\u00b2, per scarico in Tab. 4 per i soli parametri SST e idrocarburi totali composto da: &#8211; n. 1 pozzetto scolmatore con ingresso \u00f8 315 mm, tubo by-pass \u00f8 315 mm, uscita scolmatore \u00f8 200 mm; &#8211; n. 1 serbatoio modulare capacit\u00e0 totale [&hellip;]<\/p>\n","protected":false},"featured_media":21943,"template":"","meta":{"_acf_changed":false},"product_cat":[361,362,454],"product_tag":[196],"class_list":{"0":"post-12179","1":"product","2":"type-product","3":"status-publish","4":"has-post-thumbnail","6":"product_cat-acque-meteoriche","7":"product_cat-acque-meteoriche-impianto-prima-pioggia-in-accumulo","8":"product_cat-acque-meteoriche-impianto-prima-pioggia-in-accumulo-scarico-su-suolo","9":"product_tag-dilavamento","11":"first","12":"instock","13":"taxable","14":"shipping-taxable","15":"purchasable","16":"product-type-simple"},"acf":[],"yoast_head":"<!-- This site is optimized with the Yoast SEO plugin v25.9 - https:\/\/yoast.com\/wordpress\/plugins\/seo\/ -->\n<title>IPPA12000T4 - Starplast srl<\/title>\n<meta name=\"robots\" content=\"index, follow, max-snippet:-1, max-image-preview:large, max-video-preview:-1\" \/>\n<link rel=\"canonical\" href=\"https:\/\/starplastsrl.it\/en\/prodotto\/ippa12000t4\/\" \/>\n<meta property=\"og:locale\" content=\"en_US\" \/>\n<meta property=\"og:type\" content=\"article\" \/>\n<meta property=\"og:title\" content=\"IPPA12000T4 - Starplast srl\" \/>\n<meta property=\"og:description\" content=\"Impianto trattamento acque di prima pioggia in accumulo separato, superficie piazzale 2.500 m\u00b2, per scarico in Tab. 4 per i soli parametri SST e idrocarburi totali composto da: &#8211; n. 1 pozzetto scolmatore con ingresso \u00f8 315 mm, tubo by-pass \u00f8 315 mm, uscita scolmatore \u00f8 200 mm; &#8211; n. 1 serbatoio modulare capacit\u00e0 totale [&hellip;]\" \/>\n<meta property=\"og:url\" content=\"https:\/\/starplastsrl.it\/en\/prodotto\/ippa12000t4\/\" \/>\n<meta property=\"og:site_name\" content=\"Starplast srl\" \/>\n<meta property=\"article:publisher\" content=\"https:\/\/www.facebook.com\/starplastsrl\" \/>\n<meta property=\"article:modified_time\" content=\"2024-02-15T14:51:52+00:00\" \/>\n<meta property=\"og:image\" content=\"https:\/\/starplastsrl.it\/wp-content\/uploads\/2022\/05\/IPP%20A%2012000%20T4.jpg\" \/>\n\t<meta property=\"og:image:width\" content=\"354\" \/>\n\t<meta property=\"og:image:height\" content=\"354\" \/>\n\t<meta property=\"og:image:type\" content=\"image\/png\" \/>\n<meta name=\"twitter:card\" content=\"summary_large_image\" \/>\n<script type=\"application\/ld+json\" class=\"yoast-schema-graph\">{\"@context\":\"https:\/\/schema.org\",\"@graph\":[{\"@type\":\"WebPage\",\"@id\":\"https:\/\/starplastsrl.it\/en\/prodotto\/ippa12000t4\/\",\"url\":\"https:\/\/starplastsrl.it\/en\/prodotto\/ippa12000t4\/\",\"name\":\"IPPA12000T4 - Starplast srl\",\"isPartOf\":{\"@id\":\"https:\/\/starplastsrl.it\/en\/#website\"},\"primaryImageOfPage\":{\"@id\":\"https:\/\/starplastsrl.it\/en\/prodotto\/ippa12000t4\/#primaryimage\"},\"image\":{\"@id\":\"https:\/\/starplastsrl.it\/en\/prodotto\/ippa12000t4\/#primaryimage\"},\"thumbnailUrl\":\"https:\/\/starplastsrl.it\/wp-content\/uploads\/2022\/05\/IPP A 12000 T4.jpg\",\"datePublished\":\"2022-05-25T09:17:38+00:00\",\"dateModified\":\"2024-02-15T14:51:52+00:00\",\"breadcrumb\":{\"@id\":\"https:\/\/starplastsrl.it\/en\/prodotto\/ippa12000t4\/#breadcrumb\"},\"inLanguage\":\"en-US\",\"potentialAction\":[{\"@type\":\"ReadAction\",\"target\":[\"https:\/\/starplastsrl.it\/en\/prodotto\/ippa12000t4\/\"]}]},{\"@type\":\"ImageObject\",\"inLanguage\":\"en-US\",\"@id\":\"https:\/\/starplastsrl.it\/en\/prodotto\/ippa12000t4\/#primaryimage\",\"url\":\"https:\/\/starplastsrl.it\/wp-content\/uploads\/2022\/05\/IPP A 12000 T4.jpg\",\"contentUrl\":\"https:\/\/starplastsrl.it\/wp-content\/uploads\/2022\/05\/IPP A 12000 T4.jpg\",\"width\":354,\"height\":354},{\"@type\":\"BreadcrumbList\",\"@id\":\"https:\/\/starplastsrl.it\/en\/prodotto\/ippa12000t4\/#breadcrumb\",\"itemListElement\":[{\"@type\":\"ListItem\",\"position\":1,\"name\":\"Home\",\"item\":\"https:\/\/starplastsrl.it\/en\/\"},{\"@type\":\"ListItem\",\"position\":2,\"name\":\"Products\",\"item\":\"https:\/\/starplastsrl.it\/en\/products\/\"},{\"@type\":\"ListItem\",\"position\":3,\"name\":\"IPPA12000T4\"}]},{\"@type\":\"WebSite\",\"@id\":\"https:\/\/starplastsrl.it\/en\/#website\",\"url\":\"https:\/\/starplastsrl.it\/en\/\",\"name\":\"Starplast srl\",\"description\":\"Risparmia il tuo oro blu\",\"publisher\":{\"@id\":\"https:\/\/starplastsrl.it\/en\/#organization\"},\"potentialAction\":[{\"@type\":\"SearchAction\",\"target\":{\"@type\":\"EntryPoint\",\"urlTemplate\":\"https:\/\/starplastsrl.it\/en\/?s={search_term_string}\"},\"query-input\":{\"@type\":\"PropertyValueSpecification\",\"valueRequired\":true,\"valueName\":\"search_term_string\"}}],\"inLanguage\":\"en-US\"},{\"@type\":\"Organization\",\"@id\":\"https:\/\/starplastsrl.it\/en\/#organization\",\"name\":\"Starplast srl\",\"url\":\"https:\/\/starplastsrl.it\/en\/\",\"logo\":{\"@type\":\"ImageObject\",\"inLanguage\":\"en-US\",\"@id\":\"https:\/\/starplastsrl.it\/en\/#\/schema\/logo\/image\/\",\"url\":\"https:\/\/starplastsrl.it\/wp-content\/uploads\/2025\/04\/LOGO-STARPLAST-2025-01.png\",\"contentUrl\":\"https:\/\/starplastsrl.it\/wp-content\/uploads\/2025\/04\/LOGO-STARPLAST-2025-01.png\",\"width\":1134,\"height\":503,\"caption\":\"Starplast srl\"},\"image\":{\"@id\":\"https:\/\/starplastsrl.it\/en\/#\/schema\/logo\/image\/\"},\"sameAs\":[\"https:\/\/www.facebook.com\/starplastsrl\",\"https:\/\/www.instagram.com\/starplast_srl\/\",\"https:\/\/www.linkedin.com\/company\/14814612\",\"https:\/\/www.youtube.com\/channel\/UCiFjF77b-4fvCSf1_CSBDDg\"]}]}<\/script>\n<!-- \/ Yoast SEO plugin. -->","yoast_head_json":{"title":"IPPA12000T4 - Starplast srl","robots":{"index":"index","follow":"follow","max-snippet":"max-snippet:-1","max-image-preview":"max-image-preview:large","max-video-preview":"max-video-preview:-1"},"canonical":"https:\/\/starplastsrl.it\/en\/prodotto\/ippa12000t4\/","og_locale":"en_US","og_type":"article","og_title":"IPPA12000T4 - Starplast srl","og_description":"Impianto trattamento acque di prima pioggia in accumulo separato, superficie piazzale 2.500 m\u00b2, per scarico in Tab. 4 per i soli parametri SST e idrocarburi totali composto da: &#8211; n. 1 pozzetto scolmatore con ingresso \u00f8 315 mm, tubo by-pass \u00f8 315 mm, uscita scolmatore \u00f8 200 mm; &#8211; n. 1 serbatoio modulare capacit\u00e0 totale [&hellip;]","og_url":"https:\/\/starplastsrl.it\/en\/prodotto\/ippa12000t4\/","og_site_name":"Starplast srl","article_publisher":"https:\/\/www.facebook.com\/starplastsrl","article_modified_time":"2024-02-15T14:51:52+00:00","og_image":[{"width":354,"height":354,"url":"https:\/\/starplastsrl.it\/wp-content\/uploads\/2022\/05\/IPP A 12000 T4.jpg","type":"image\/png"}],"twitter_card":"summary_large_image","schema":{"@context":"https:\/\/schema.org","@graph":[{"@type":"WebPage","@id":"https:\/\/starplastsrl.it\/en\/prodotto\/ippa12000t4\/","url":"https:\/\/starplastsrl.it\/en\/prodotto\/ippa12000t4\/","name":"IPPA12000T4 - Starplast srl","isPartOf":{"@id":"https:\/\/starplastsrl.it\/en\/#website"},"primaryImageOfPage":{"@id":"https:\/\/starplastsrl.it\/en\/prodotto\/ippa12000t4\/#primaryimage"},"image":{"@id":"https:\/\/starplastsrl.it\/en\/prodotto\/ippa12000t4\/#primaryimage"},"thumbnailUrl":"https:\/\/starplastsrl.it\/wp-content\/uploads\/2022\/05\/IPP A 12000 T4.jpg","datePublished":"2022-05-25T09:17:38+00:00","dateModified":"2024-02-15T14:51:52+00:00","breadcrumb":{"@id":"https:\/\/starplastsrl.it\/en\/prodotto\/ippa12000t4\/#breadcrumb"},"inLanguage":"en-US","potentialAction":[{"@type":"ReadAction","target":["https:\/\/starplastsrl.it\/en\/prodotto\/ippa12000t4\/"]}]},{"@type":"ImageObject","inLanguage":"en-US","@id":"https:\/\/starplastsrl.it\/en\/prodotto\/ippa12000t4\/#primaryimage","url":"https:\/\/starplastsrl.it\/wp-content\/uploads\/2022\/05\/IPP A 12000 T4.jpg","contentUrl":"https:\/\/starplastsrl.it\/wp-content\/uploads\/2022\/05\/IPP A 12000 T4.jpg","width":354,"height":354},{"@type":"BreadcrumbList","@id":"https:\/\/starplastsrl.it\/en\/prodotto\/ippa12000t4\/#breadcrumb","itemListElement":[{"@type":"ListItem","position":1,"name":"Home","item":"https:\/\/starplastsrl.it\/en\/"},{"@type":"ListItem","position":2,"name":"Products","item":"https:\/\/starplastsrl.it\/en\/products\/"},{"@type":"ListItem","position":3,"name":"IPPA12000T4"}]},{"@type":"WebSite","@id":"https:\/\/starplastsrl.it\/en\/#website","url":"https:\/\/starplastsrl.it\/en\/","name":"Starplast srl","description":"Risparmia il tuo oro blu","publisher":{"@id":"https:\/\/starplastsrl.it\/en\/#organization"},"potentialAction":[{"@type":"SearchAction","target":{"@type":"EntryPoint","urlTemplate":"https:\/\/starplastsrl.it\/en\/?s={search_term_string}"},"query-input":{"@type":"PropertyValueSpecification","valueRequired":true,"valueName":"search_term_string"}}],"inLanguage":"en-US"},{"@type":"Organization","@id":"https:\/\/starplastsrl.it\/en\/#organization","name":"Starplast srl","url":"https:\/\/starplastsrl.it\/en\/","logo":{"@type":"ImageObject","inLanguage":"en-US","@id":"https:\/\/starplastsrl.it\/en\/#\/schema\/logo\/image\/","url":"https:\/\/starplastsrl.it\/wp-content\/uploads\/2025\/04\/LOGO-STARPLAST-2025-01.png","contentUrl":"https:\/\/starplastsrl.it\/wp-content\/uploads\/2025\/04\/LOGO-STARPLAST-2025-01.png","width":1134,"height":503,"caption":"Starplast srl"},"image":{"@id":"https:\/\/starplastsrl.it\/en\/#\/schema\/logo\/image\/"},"sameAs":["https:\/\/www.facebook.com\/starplastsrl","https:\/\/www.instagram.com\/starplast_srl\/","https:\/\/www.linkedin.com\/company\/14814612","https:\/\/www.youtube.com\/channel\/UCiFjF77b-4fvCSf1_CSBDDg"]}]}},"_links":{"self":[{"href":"https:\/\/starplastsrl.it\/en\/wp-json\/wp\/v2\/product\/12179","targetHints":{"allow":["GET"]}}],"collection":[{"href":"https:\/\/starplastsrl.it\/en\/wp-json\/wp\/v2\/product"}],"about":[{"href":"https:\/\/starplastsrl.it\/en\/wp-json\/wp\/v2\/types\/product"}],"wp:featuredmedia":[{"embeddable":true,"href":"https:\/\/starplastsrl.it\/en\/wp-json\/wp\/v2\/media\/21943"}],"wp:attachment":[{"href":"https:\/\/starplastsrl.it\/en\/wp-json\/wp\/v2\/media?parent=12179"}],"wp:term":[{"taxonomy":"product_cat","embeddable":true,"href":"https:\/\/starplastsrl.it\/en\/wp-json\/wp\/v2\/product_cat?post=12179"},{"taxonomy":"product_tag","embeddable":true,"href":"https:\/\/starplastsrl.it\/en\/wp-json\/wp\/v2\/product_tag?post=12179"}],"curies":[{"name":"wp","href":"https:\/\/api.w.org\/{rel}","templated":true}]}}