{"id":21786,"date":"2023-04-03T15:00:53","date_gmt":"2023-04-03T13:00:53","guid":{"rendered":"https:\/\/starplastsrl.it\/prodotto\/imfc-1400-ma1\/"},"modified":"2024-02-15T14:44:42","modified_gmt":"2024-02-15T13:44:42","slug":"imfc-1400-ma1","status":"publish","type":"product","link":"https:\/\/starplastsrl.it\/en\/prodotto\/imfc-1400-ma1\/","title":{"rendered":"IMFC-1400-MA1"},"content":{"rendered":"<p>Vasca imhoff corrugata dimensionata per spurgo annuale secondo normativa regionale Marche. lt. 1.500 &#8211; 5 A.E. UNI EN 12566-1.<\/p>\n<p>Fornitura di fossa imhoff in polietilene da interro IMF tipo Starplast a forma cilindrica verticale, a spessore costante delle pareti e struttura irrigidita da nervature verticali ed orizzontali. All?interno allogger\u00e0 il cono sedimentatore con inclinazione adeguata e passaggio di comunicazione idraulica al vano di digestione permettendo l?idonea raccolta del fango nel reparto sottostante e l?uscita continua come l?entrata del liquame chiarificato. Il coperchio superiore della fossa rinforzato, per maggiore resistenza al carico del terreno, sar\u00e0 munito di n. 2 tappi con chiusura a baionetta di cui uno almeno del \u00d8 400 per le operazioni di pulizia dei due comparti e ispezione dell?effluente finale. La vasca \u00e8 realizzata secondo la Norma UNI EN 12566-1 a marcatura CE e certificazione DOP, dovr\u00e0 essere adatta al trattamento primario delle acque nere provenienti da civili abitazioni o assimilabili, idonea allo scarico in pubblica fognatura o ai trattamenti successivi.La fossa imhoff mod. IMFC-1400-MA1- avr\u00e0 le seguenti dimensioni: Lu 130 La 130 H 150 volume Lt 1500 potenzialit\u00e0 A.E 5<\/p>\n","protected":false},"excerpt":{"rendered":"<p>Vasca imhoff corrugata dimensionata per spurgo annuale secondo normativa regionale Marche. lt. 1.500 &#8211; 5 A.E. UNI EN 12566-1. Fornitura di fossa imhoff in polietilene da interro IMF tipo Starplast a forma cilindrica verticale, a spessore costante delle pareti e struttura irrigidita da nervature verticali ed orizzontali. All?interno allogger\u00e0 il cono sedimentatore con inclinazione adeguata [&hellip;]<\/p>\n","protected":false},"featured_media":21978,"template":"","meta":{"_acf_changed":false},"product_cat":[357,374,554],"product_tag":[201],"class_list":{"0":"post-21786","1":"product","2":"type-product","3":"status-publish","4":"has-post-thumbnail","6":"product_cat-biologico","7":"product_cat-biologico-fossa-imhoff","8":"product_cat-biologico-fossa-imhoff-norme-regionali-marche-spurgo-annuale","9":"product_tag-primario","11":"first","12":"instock","13":"taxable","14":"shipping-taxable","15":"purchasable","16":"product-type-simple"},"acf":[],"yoast_head":"<!-- This site is optimized with the Yoast SEO plugin v25.9 - https:\/\/yoast.com\/wordpress\/plugins\/seo\/ -->\n<title>IMFC-1400-MA1 - Starplast srl<\/title>\n<meta name=\"robots\" content=\"index, follow, max-snippet:-1, max-image-preview:large, max-video-preview:-1\" \/>\n<link rel=\"canonical\" href=\"https:\/\/starplastsrl.it\/en\/prodotto\/imfc-1400-ma1\/\" \/>\n<meta property=\"og:locale\" content=\"en_US\" \/>\n<meta property=\"og:type\" content=\"article\" \/>\n<meta property=\"og:title\" content=\"IMFC-1400-MA1 - Starplast srl\" \/>\n<meta property=\"og:description\" content=\"Vasca imhoff corrugata dimensionata per spurgo annuale secondo normativa regionale Marche. lt. 1.500 &#8211; 5 A.E. UNI EN 12566-1. Fornitura di fossa imhoff in polietilene da interro IMF tipo Starplast a forma cilindrica verticale, a spessore costante delle pareti e struttura irrigidita da nervature verticali ed orizzontali. All?interno allogger\u00e0 il cono sedimentatore con inclinazione adeguata [&hellip;]\" \/>\n<meta property=\"og:url\" content=\"https:\/\/starplastsrl.it\/en\/prodotto\/imfc-1400-ma1\/\" \/>\n<meta property=\"og:site_name\" content=\"Starplast srl\" \/>\n<meta property=\"article:publisher\" content=\"https:\/\/www.facebook.com\/starplastsrl\" \/>\n<meta property=\"article:modified_time\" content=\"2024-02-15T13:44:42+00:00\" \/>\n<meta property=\"og:image\" content=\"https:\/\/starplastsrl.it\/wp-content\/uploads\/2023\/05\/IMF_C_1400.png\" \/>\n\t<meta property=\"og:image:width\" content=\"707\" \/>\n\t<meta property=\"og:image:height\" content=\"707\" \/>\n\t<meta property=\"og:image:type\" content=\"image\/png\" \/>\n<meta name=\"twitter:card\" content=\"summary_large_image\" \/>\n<meta name=\"twitter:label1\" content=\"Est. reading time\" \/>\n\t<meta name=\"twitter:data1\" content=\"1 minute\" \/>\n<script type=\"application\/ld+json\" class=\"yoast-schema-graph\">{\"@context\":\"https:\/\/schema.org\",\"@graph\":[{\"@type\":\"WebPage\",\"@id\":\"https:\/\/starplastsrl.it\/en\/prodotto\/imfc-1400-ma1\/\",\"url\":\"https:\/\/starplastsrl.it\/en\/prodotto\/imfc-1400-ma1\/\",\"name\":\"IMFC-1400-MA1 - Starplast srl\",\"isPartOf\":{\"@id\":\"https:\/\/starplastsrl.it\/en\/#website\"},\"primaryImageOfPage\":{\"@id\":\"https:\/\/starplastsrl.it\/en\/prodotto\/imfc-1400-ma1\/#primaryimage\"},\"image\":{\"@id\":\"https:\/\/starplastsrl.it\/en\/prodotto\/imfc-1400-ma1\/#primaryimage\"},\"thumbnailUrl\":\"https:\/\/starplastsrl.it\/wp-content\/uploads\/2023\/05\/IMF_C_1400.png\",\"datePublished\":\"2023-04-03T13:00:53+00:00\",\"dateModified\":\"2024-02-15T13:44:42+00:00\",\"breadcrumb\":{\"@id\":\"https:\/\/starplastsrl.it\/en\/prodotto\/imfc-1400-ma1\/#breadcrumb\"},\"inLanguage\":\"en-US\",\"potentialAction\":[{\"@type\":\"ReadAction\",\"target\":[\"https:\/\/starplastsrl.it\/en\/prodotto\/imfc-1400-ma1\/\"]}]},{\"@type\":\"ImageObject\",\"inLanguage\":\"en-US\",\"@id\":\"https:\/\/starplastsrl.it\/en\/prodotto\/imfc-1400-ma1\/#primaryimage\",\"url\":\"https:\/\/starplastsrl.it\/wp-content\/uploads\/2023\/05\/IMF_C_1400.png\",\"contentUrl\":\"https:\/\/starplastsrl.it\/wp-content\/uploads\/2023\/05\/IMF_C_1400.png\",\"width\":707,\"height\":707},{\"@type\":\"BreadcrumbList\",\"@id\":\"https:\/\/starplastsrl.it\/en\/prodotto\/imfc-1400-ma1\/#breadcrumb\",\"itemListElement\":[{\"@type\":\"ListItem\",\"position\":1,\"name\":\"Home\",\"item\":\"https:\/\/starplastsrl.it\/en\/\"},{\"@type\":\"ListItem\",\"position\":2,\"name\":\"Products\",\"item\":\"https:\/\/starplastsrl.it\/en\/products\/\"},{\"@type\":\"ListItem\",\"position\":3,\"name\":\"IMFC-1400-MA1\"}]},{\"@type\":\"WebSite\",\"@id\":\"https:\/\/starplastsrl.it\/en\/#website\",\"url\":\"https:\/\/starplastsrl.it\/en\/\",\"name\":\"Starplast srl\",\"description\":\"Risparmia il tuo oro blu\",\"publisher\":{\"@id\":\"https:\/\/starplastsrl.it\/en\/#organization\"},\"potentialAction\":[{\"@type\":\"SearchAction\",\"target\":{\"@type\":\"EntryPoint\",\"urlTemplate\":\"https:\/\/starplastsrl.it\/en\/?s={search_term_string}\"},\"query-input\":{\"@type\":\"PropertyValueSpecification\",\"valueRequired\":true,\"valueName\":\"search_term_string\"}}],\"inLanguage\":\"en-US\"},{\"@type\":\"Organization\",\"@id\":\"https:\/\/starplastsrl.it\/en\/#organization\",\"name\":\"Starplast srl\",\"url\":\"https:\/\/starplastsrl.it\/en\/\",\"logo\":{\"@type\":\"ImageObject\",\"inLanguage\":\"en-US\",\"@id\":\"https:\/\/starplastsrl.it\/en\/#\/schema\/logo\/image\/\",\"url\":\"https:\/\/starplastsrl.it\/wp-content\/uploads\/2025\/04\/LOGO-STARPLAST-2025-01.png\",\"contentUrl\":\"https:\/\/starplastsrl.it\/wp-content\/uploads\/2025\/04\/LOGO-STARPLAST-2025-01.png\",\"width\":1134,\"height\":503,\"caption\":\"Starplast srl\"},\"image\":{\"@id\":\"https:\/\/starplastsrl.it\/en\/#\/schema\/logo\/image\/\"},\"sameAs\":[\"https:\/\/www.facebook.com\/starplastsrl\",\"https:\/\/www.instagram.com\/starplast_srl\/\",\"https:\/\/www.linkedin.com\/company\/14814612\",\"https:\/\/www.youtube.com\/channel\/UCiFjF77b-4fvCSf1_CSBDDg\"]}]}<\/script>\n<!-- \/ Yoast SEO plugin. -->","yoast_head_json":{"title":"IMFC-1400-MA1 - Starplast srl","robots":{"index":"index","follow":"follow","max-snippet":"max-snippet:-1","max-image-preview":"max-image-preview:large","max-video-preview":"max-video-preview:-1"},"canonical":"https:\/\/starplastsrl.it\/en\/prodotto\/imfc-1400-ma1\/","og_locale":"en_US","og_type":"article","og_title":"IMFC-1400-MA1 - Starplast srl","og_description":"Vasca imhoff corrugata dimensionata per spurgo annuale secondo normativa regionale Marche. lt. 1.500 &#8211; 5 A.E. UNI EN 12566-1. Fornitura di fossa imhoff in polietilene da interro IMF tipo Starplast a forma cilindrica verticale, a spessore costante delle pareti e struttura irrigidita da nervature verticali ed orizzontali. All?interno allogger\u00e0 il cono sedimentatore con inclinazione adeguata [&hellip;]","og_url":"https:\/\/starplastsrl.it\/en\/prodotto\/imfc-1400-ma1\/","og_site_name":"Starplast srl","article_publisher":"https:\/\/www.facebook.com\/starplastsrl","article_modified_time":"2024-02-15T13:44:42+00:00","og_image":[{"width":707,"height":707,"url":"https:\/\/starplastsrl.it\/wp-content\/uploads\/2023\/05\/IMF_C_1400.png","type":"image\/png"}],"twitter_card":"summary_large_image","twitter_misc":{"Est. reading time":"1 minute"},"schema":{"@context":"https:\/\/schema.org","@graph":[{"@type":"WebPage","@id":"https:\/\/starplastsrl.it\/en\/prodotto\/imfc-1400-ma1\/","url":"https:\/\/starplastsrl.it\/en\/prodotto\/imfc-1400-ma1\/","name":"IMFC-1400-MA1 - Starplast srl","isPartOf":{"@id":"https:\/\/starplastsrl.it\/en\/#website"},"primaryImageOfPage":{"@id":"https:\/\/starplastsrl.it\/en\/prodotto\/imfc-1400-ma1\/#primaryimage"},"image":{"@id":"https:\/\/starplastsrl.it\/en\/prodotto\/imfc-1400-ma1\/#primaryimage"},"thumbnailUrl":"https:\/\/starplastsrl.it\/wp-content\/uploads\/2023\/05\/IMF_C_1400.png","datePublished":"2023-04-03T13:00:53+00:00","dateModified":"2024-02-15T13:44:42+00:00","breadcrumb":{"@id":"https:\/\/starplastsrl.it\/en\/prodotto\/imfc-1400-ma1\/#breadcrumb"},"inLanguage":"en-US","potentialAction":[{"@type":"ReadAction","target":["https:\/\/starplastsrl.it\/en\/prodotto\/imfc-1400-ma1\/"]}]},{"@type":"ImageObject","inLanguage":"en-US","@id":"https:\/\/starplastsrl.it\/en\/prodotto\/imfc-1400-ma1\/#primaryimage","url":"https:\/\/starplastsrl.it\/wp-content\/uploads\/2023\/05\/IMF_C_1400.png","contentUrl":"https:\/\/starplastsrl.it\/wp-content\/uploads\/2023\/05\/IMF_C_1400.png","width":707,"height":707},{"@type":"BreadcrumbList","@id":"https:\/\/starplastsrl.it\/en\/prodotto\/imfc-1400-ma1\/#breadcrumb","itemListElement":[{"@type":"ListItem","position":1,"name":"Home","item":"https:\/\/starplastsrl.it\/en\/"},{"@type":"ListItem","position":2,"name":"Products","item":"https:\/\/starplastsrl.it\/en\/products\/"},{"@type":"ListItem","position":3,"name":"IMFC-1400-MA1"}]},{"@type":"WebSite","@id":"https:\/\/starplastsrl.it\/en\/#website","url":"https:\/\/starplastsrl.it\/en\/","name":"Starplast srl","description":"Risparmia il tuo oro blu","publisher":{"@id":"https:\/\/starplastsrl.it\/en\/#organization"},"potentialAction":[{"@type":"SearchAction","target":{"@type":"EntryPoint","urlTemplate":"https:\/\/starplastsrl.it\/en\/?s={search_term_string}"},"query-input":{"@type":"PropertyValueSpecification","valueRequired":true,"valueName":"search_term_string"}}],"inLanguage":"en-US"},{"@type":"Organization","@id":"https:\/\/starplastsrl.it\/en\/#organization","name":"Starplast srl","url":"https:\/\/starplastsrl.it\/en\/","logo":{"@type":"ImageObject","inLanguage":"en-US","@id":"https:\/\/starplastsrl.it\/en\/#\/schema\/logo\/image\/","url":"https:\/\/starplastsrl.it\/wp-content\/uploads\/2025\/04\/LOGO-STARPLAST-2025-01.png","contentUrl":"https:\/\/starplastsrl.it\/wp-content\/uploads\/2025\/04\/LOGO-STARPLAST-2025-01.png","width":1134,"height":503,"caption":"Starplast srl"},"image":{"@id":"https:\/\/starplastsrl.it\/en\/#\/schema\/logo\/image\/"},"sameAs":["https:\/\/www.facebook.com\/starplastsrl","https:\/\/www.instagram.com\/starplast_srl\/","https:\/\/www.linkedin.com\/company\/14814612","https:\/\/www.youtube.com\/channel\/UCiFjF77b-4fvCSf1_CSBDDg"]}]}},"_links":{"self":[{"href":"https:\/\/starplastsrl.it\/en\/wp-json\/wp\/v2\/product\/21786","targetHints":{"allow":["GET"]}}],"collection":[{"href":"https:\/\/starplastsrl.it\/en\/wp-json\/wp\/v2\/product"}],"about":[{"href":"https:\/\/starplastsrl.it\/en\/wp-json\/wp\/v2\/types\/product"}],"wp:featuredmedia":[{"embeddable":true,"href":"https:\/\/starplastsrl.it\/en\/wp-json\/wp\/v2\/media\/21978"}],"wp:attachment":[{"href":"https:\/\/starplastsrl.it\/en\/wp-json\/wp\/v2\/media?parent=21786"}],"wp:term":[{"taxonomy":"product_cat","embeddable":true,"href":"https:\/\/starplastsrl.it\/en\/wp-json\/wp\/v2\/product_cat?post=21786"},{"taxonomy":"product_tag","embeddable":true,"href":"https:\/\/starplastsrl.it\/en\/wp-json\/wp\/v2\/product_tag?post=21786"}],"curies":[{"name":"wp","href":"https:\/\/api.w.org\/{rel}","templated":true}]}}