{"id":24964,"date":"2024-02-15T14:44:18","date_gmt":"2024-02-15T13:44:18","guid":{"rendered":"https:\/\/starplastsrl.it\/prodotto\/off60000-ep-60-6\/"},"modified":"2024-02-15T14:44:18","modified_gmt":"2024-02-15T13:44:18","slug":"off60000-ep-60-6","status":"publish","type":"product","link":"https:\/\/starplastsrl.it\/en\/prodotto\/off60000-ep-60-6\/","title":{"rendered":"OFF60000-EP-60&#8211;6"},"content":{"rendered":"<p>Sistema antincendio &#8220;OFFIRE modello EP&#8221; completamente interrato sottobattente completo di riserva idrica e pressurizzazione integrata, costruito secondo le norme UNI EN 12845 composto da:<\/p>\n<p>-serbatoio di polietilene da interro, realizzato da moduli stampati in rotazionale e assemblati tramite elettrosaldatura. Dimensioni \u00d8 210 x h. 234 cm.,  lunghezza variabile secondo capacit\u00e0. Il serbatoio sar\u00e0 dotato di ispezione passo uomo  \u00d8 600 mm. e torretta speciale necessaria all&#8217;alloggiamento pompe e integrazione al sistema;  -pozzetto piping collegato alla torretta del serbatoio, dotato di chiusino rinforzato in lamiera grecata. Il pozzetto, rinforzato con profilo in acciaio zincato con zanche di ancoraggio a platea in CA, conterr\u00e0 tutte le tubazioni e valvole previste dalla norma;  -gruppo di pressurizzazione composto da pompa-e ad asse verticale con aspirazione sottobattente &#8220;vertical turbine pump&#8221; per linea di servizio e pompa sommersa joker di compensazione mantenimento pressione;  -armadio installato fuori terra, realizzato in lamiera coibentata REI 60, con aereazione e termostato per controllo temperature min. e max., costruito secondo le norme UNI 11292, sar\u00e0 posizionato sulla speciale torretta, per protezione motori e pompe, e alloggiamento quadri elettrici di comando e cruscotto per controllo e regolazione remotizzata del piping sottostante.  -Caratteristiche impianto: volume lt. 60.000 (2X30.000 lt),  n. 1 pompa principale con portata 60 m\u00b3\/h pressione 6 bar potenza 18,5 kW, pompa joker adeguata.  <\/p>\n","protected":false},"excerpt":{"rendered":"<p>Sistema antincendio &#8220;OFFIRE modello EP&#8221; completamente interrato sottobattente completo di riserva idrica e pressurizzazione integrata, costruito secondo le norme UNI EN 12845 composto da: -serbatoio di polietilene da interro, realizzato da moduli stampati in rotazionale e assemblati tramite elettrosaldatura. Dimensioni \u00d8 210 x h. 234 cm., lunghezza variabile secondo capacit\u00e0. Il serbatoio sar\u00e0 dotato di [&hellip;]<\/p>\n","protected":false},"featured_media":0,"template":"","meta":{"_acf_changed":false},"product_cat":[636,493],"product_tag":[240],"class_list":{"0":"post-24964","1":"product","2":"type-product","3":"status-publish","5":"product_cat-idraulica","6":"product_cat-idraulica-offire","7":"product_tag-antincendio","9":"first","10":"instock","11":"taxable","12":"shipping-taxable","13":"purchasable","14":"product-type-simple"},"acf":[],"yoast_head":"<!-- This site is optimized with the Yoast SEO plugin v25.9 - https:\/\/yoast.com\/wordpress\/plugins\/seo\/ -->\n<title>OFF60000-EP-60-6 - Starplast srl<\/title>\n<meta name=\"robots\" content=\"index, follow, max-snippet:-1, max-image-preview:large, max-video-preview:-1\" \/>\n<link rel=\"canonical\" href=\"https:\/\/starplastsrl.it\/en\/prodotto\/off60000-ep-60-6\/\" \/>\n<meta property=\"og:locale\" content=\"en_US\" \/>\n<meta property=\"og:type\" content=\"article\" \/>\n<meta property=\"og:title\" content=\"OFF60000-EP-60-6 - Starplast srl\" \/>\n<meta property=\"og:description\" content=\"Sistema antincendio &#8220;OFFIRE modello EP&#8221; completamente interrato sottobattente completo di riserva idrica e pressurizzazione integrata, costruito secondo le norme UNI EN 12845 composto da: -serbatoio di polietilene da interro, realizzato da moduli stampati in rotazionale e assemblati tramite elettrosaldatura. Dimensioni \u00d8 210 x h. 234 cm., lunghezza variabile secondo capacit\u00e0. Il serbatoio sar\u00e0 dotato di [&hellip;]\" \/>\n<meta property=\"og:url\" content=\"https:\/\/starplastsrl.it\/en\/prodotto\/off60000-ep-60-6\/\" \/>\n<meta property=\"og:site_name\" content=\"Starplast srl\" \/>\n<meta property=\"article:publisher\" content=\"https:\/\/www.facebook.com\/starplastsrl\" \/>\n<meta name=\"twitter:card\" content=\"summary_large_image\" \/>\n<meta name=\"twitter:label1\" content=\"Est. reading time\" \/>\n\t<meta name=\"twitter:data1\" content=\"1 minute\" \/>\n<script type=\"application\/ld+json\" class=\"yoast-schema-graph\">{\"@context\":\"https:\/\/schema.org\",\"@graph\":[{\"@type\":\"WebPage\",\"@id\":\"https:\/\/starplastsrl.it\/en\/prodotto\/off60000-ep-60-6\/\",\"url\":\"https:\/\/starplastsrl.it\/en\/prodotto\/off60000-ep-60-6\/\",\"name\":\"OFF60000-EP-60-6 - Starplast srl\",\"isPartOf\":{\"@id\":\"https:\/\/starplastsrl.it\/en\/#website\"},\"datePublished\":\"2024-02-15T13:44:18+00:00\",\"breadcrumb\":{\"@id\":\"https:\/\/starplastsrl.it\/en\/prodotto\/off60000-ep-60-6\/#breadcrumb\"},\"inLanguage\":\"en-US\",\"potentialAction\":[{\"@type\":\"ReadAction\",\"target\":[\"https:\/\/starplastsrl.it\/en\/prodotto\/off60000-ep-60-6\/\"]}]},{\"@type\":\"BreadcrumbList\",\"@id\":\"https:\/\/starplastsrl.it\/en\/prodotto\/off60000-ep-60-6\/#breadcrumb\",\"itemListElement\":[{\"@type\":\"ListItem\",\"position\":1,\"name\":\"Home\",\"item\":\"https:\/\/starplastsrl.it\/en\/\"},{\"@type\":\"ListItem\",\"position\":2,\"name\":\"Products\",\"item\":\"https:\/\/starplastsrl.it\/en\/products\/\"},{\"@type\":\"ListItem\",\"position\":3,\"name\":\"OFF60000-EP-60&#8211;6\"}]},{\"@type\":\"WebSite\",\"@id\":\"https:\/\/starplastsrl.it\/en\/#website\",\"url\":\"https:\/\/starplastsrl.it\/en\/\",\"name\":\"Starplast srl\",\"description\":\"Risparmia il tuo oro blu\",\"publisher\":{\"@id\":\"https:\/\/starplastsrl.it\/en\/#organization\"},\"potentialAction\":[{\"@type\":\"SearchAction\",\"target\":{\"@type\":\"EntryPoint\",\"urlTemplate\":\"https:\/\/starplastsrl.it\/en\/?s={search_term_string}\"},\"query-input\":{\"@type\":\"PropertyValueSpecification\",\"valueRequired\":true,\"valueName\":\"search_term_string\"}}],\"inLanguage\":\"en-US\"},{\"@type\":\"Organization\",\"@id\":\"https:\/\/starplastsrl.it\/en\/#organization\",\"name\":\"Starplast srl\",\"url\":\"https:\/\/starplastsrl.it\/en\/\",\"logo\":{\"@type\":\"ImageObject\",\"inLanguage\":\"en-US\",\"@id\":\"https:\/\/starplastsrl.it\/en\/#\/schema\/logo\/image\/\",\"url\":\"https:\/\/starplastsrl.it\/wp-content\/uploads\/2025\/04\/LOGO-STARPLAST-2025-01.png\",\"contentUrl\":\"https:\/\/starplastsrl.it\/wp-content\/uploads\/2025\/04\/LOGO-STARPLAST-2025-01.png\",\"width\":1134,\"height\":503,\"caption\":\"Starplast srl\"},\"image\":{\"@id\":\"https:\/\/starplastsrl.it\/en\/#\/schema\/logo\/image\/\"},\"sameAs\":[\"https:\/\/www.facebook.com\/starplastsrl\",\"https:\/\/www.instagram.com\/starplast_srl\/\",\"https:\/\/www.linkedin.com\/company\/14814612\",\"https:\/\/www.youtube.com\/channel\/UCiFjF77b-4fvCSf1_CSBDDg\"]}]}<\/script>\n<!-- \/ Yoast SEO plugin. -->","yoast_head_json":{"title":"OFF60000-EP-60-6 - Starplast srl","robots":{"index":"index","follow":"follow","max-snippet":"max-snippet:-1","max-image-preview":"max-image-preview:large","max-video-preview":"max-video-preview:-1"},"canonical":"https:\/\/starplastsrl.it\/en\/prodotto\/off60000-ep-60-6\/","og_locale":"en_US","og_type":"article","og_title":"OFF60000-EP-60-6 - Starplast srl","og_description":"Sistema antincendio &#8220;OFFIRE modello EP&#8221; completamente interrato sottobattente completo di riserva idrica e pressurizzazione integrata, costruito secondo le norme UNI EN 12845 composto da: -serbatoio di polietilene da interro, realizzato da moduli stampati in rotazionale e assemblati tramite elettrosaldatura. Dimensioni \u00d8 210 x h. 234 cm., lunghezza variabile secondo capacit\u00e0. Il serbatoio sar\u00e0 dotato di [&hellip;]","og_url":"https:\/\/starplastsrl.it\/en\/prodotto\/off60000-ep-60-6\/","og_site_name":"Starplast srl","article_publisher":"https:\/\/www.facebook.com\/starplastsrl","twitter_card":"summary_large_image","twitter_misc":{"Est. reading time":"1 minute"},"schema":{"@context":"https:\/\/schema.org","@graph":[{"@type":"WebPage","@id":"https:\/\/starplastsrl.it\/en\/prodotto\/off60000-ep-60-6\/","url":"https:\/\/starplastsrl.it\/en\/prodotto\/off60000-ep-60-6\/","name":"OFF60000-EP-60-6 - Starplast srl","isPartOf":{"@id":"https:\/\/starplastsrl.it\/en\/#website"},"datePublished":"2024-02-15T13:44:18+00:00","breadcrumb":{"@id":"https:\/\/starplastsrl.it\/en\/prodotto\/off60000-ep-60-6\/#breadcrumb"},"inLanguage":"en-US","potentialAction":[{"@type":"ReadAction","target":["https:\/\/starplastsrl.it\/en\/prodotto\/off60000-ep-60-6\/"]}]},{"@type":"BreadcrumbList","@id":"https:\/\/starplastsrl.it\/en\/prodotto\/off60000-ep-60-6\/#breadcrumb","itemListElement":[{"@type":"ListItem","position":1,"name":"Home","item":"https:\/\/starplastsrl.it\/en\/"},{"@type":"ListItem","position":2,"name":"Products","item":"https:\/\/starplastsrl.it\/en\/products\/"},{"@type":"ListItem","position":3,"name":"OFF60000-EP-60&#8211;6"}]},{"@type":"WebSite","@id":"https:\/\/starplastsrl.it\/en\/#website","url":"https:\/\/starplastsrl.it\/en\/","name":"Starplast srl","description":"Risparmia il tuo oro blu","publisher":{"@id":"https:\/\/starplastsrl.it\/en\/#organization"},"potentialAction":[{"@type":"SearchAction","target":{"@type":"EntryPoint","urlTemplate":"https:\/\/starplastsrl.it\/en\/?s={search_term_string}"},"query-input":{"@type":"PropertyValueSpecification","valueRequired":true,"valueName":"search_term_string"}}],"inLanguage":"en-US"},{"@type":"Organization","@id":"https:\/\/starplastsrl.it\/en\/#organization","name":"Starplast srl","url":"https:\/\/starplastsrl.it\/en\/","logo":{"@type":"ImageObject","inLanguage":"en-US","@id":"https:\/\/starplastsrl.it\/en\/#\/schema\/logo\/image\/","url":"https:\/\/starplastsrl.it\/wp-content\/uploads\/2025\/04\/LOGO-STARPLAST-2025-01.png","contentUrl":"https:\/\/starplastsrl.it\/wp-content\/uploads\/2025\/04\/LOGO-STARPLAST-2025-01.png","width":1134,"height":503,"caption":"Starplast srl"},"image":{"@id":"https:\/\/starplastsrl.it\/en\/#\/schema\/logo\/image\/"},"sameAs":["https:\/\/www.facebook.com\/starplastsrl","https:\/\/www.instagram.com\/starplast_srl\/","https:\/\/www.linkedin.com\/company\/14814612","https:\/\/www.youtube.com\/channel\/UCiFjF77b-4fvCSf1_CSBDDg"]}]}},"_links":{"self":[{"href":"https:\/\/starplastsrl.it\/en\/wp-json\/wp\/v2\/product\/24964","targetHints":{"allow":["GET"]}}],"collection":[{"href":"https:\/\/starplastsrl.it\/en\/wp-json\/wp\/v2\/product"}],"about":[{"href":"https:\/\/starplastsrl.it\/en\/wp-json\/wp\/v2\/types\/product"}],"wp:attachment":[{"href":"https:\/\/starplastsrl.it\/en\/wp-json\/wp\/v2\/media?parent=24964"}],"wp:term":[{"taxonomy":"product_cat","embeddable":true,"href":"https:\/\/starplastsrl.it\/en\/wp-json\/wp\/v2\/product_cat?post=24964"},{"taxonomy":"product_tag","embeddable":true,"href":"https:\/\/starplastsrl.it\/en\/wp-json\/wp\/v2\/product_tag?post=24964"}],"curies":[{"name":"wp","href":"https:\/\/api.w.org\/{rel}","templated":true}]}}